{"id":1846,"date":"2023-09-06T20:19:25","date_gmt":"2023-09-06T20:19:25","guid":{"rendered":"https:\/\/mueblesparanegociosalfa.com\/?post_type=product&#038;p=1846"},"modified":"2023-09-10T03:46:06","modified_gmt":"2023-09-10T03:46:06","slug":"banco-croswod-blanco","status":"publish","type":"product","link":"https:\/\/mueblesparanegociosalfa.com\/index.php\/product\/banco-croswod-blanco\/","title":{"rendered":"Banco Croswod Blanco"},"content":{"rendered":"<p>Asiento org\u00e1nico fabricado en polipropileno en conjunto de su base de cuatro postes de madera unidos por medio de varillas entrecruzadas, la ubicaci\u00f3n en el elemento ideal para sumar a cualquier tipo de espacio una dosis perfecta de comodidad y buen dise\u00f1o. Material: -Asiento: Polipropileno -Base: Postes de madera con tap\u00f3n de pl\u00e1stico flexible y solera de 1\u201d y varilla cal. 3\/16\u201d color negro, ensamblados por medio de tornillos tipo Allen, tuercas y rondanas ALTURA STANDAR PARA BARRAS.<\/p>\n","protected":false},"excerpt":{"rendered":"<p>Asiento org\u00e1nico fabricado en polipropileno en conjunto de su base de cuatro postes de madera unidos por medio de varillas entrecruzadas, la ubicaci\u00f3n en el elemento ideal para sumar a cualquier tipo de espacio una dosis perfecta de comodidad y buen dise\u00f1o. Material: -Asiento: Polipropileno -Base: Postes de madera con tap\u00f3n de pl\u00e1stico flexible y [&hellip;]<\/p>\n","protected":false},"featured_media":1828,"template":"","meta":{"_uag_custom_page_level_css":"","site-sidebar-layout":"default","site-content-layout":"default","ast-site-content-layout":"default","site-content-style":"default","site-sidebar-style":"default","ast-global-header-display":"","ast-banner-title-visibility":"","ast-main-header-display":"","ast-hfb-above-header-display":"","ast-hfb-below-header-display":"","ast-hfb-mobile-header-display":"","site-post-title":"","ast-breadcrumbs-content":"","ast-featured-img":"","footer-sml-layout":"","ast-disable-related-posts":"","theme-transparent-header-meta":"default","adv-header-id-meta":"","stick-header-meta":"","header-above-stick-meta":"","header-main-stick-meta":"","header-below-stick-meta":"","astra-migrate-meta-layouts":"default","ast-page-background-enabled":"default","ast-page-background-meta":{"desktop":{"background-color":"var(--ast-global-color-4)","background-image":"","background-repeat":"repeat","background-position":"center center","background-size":"auto","background-attachment":"scroll","background-type":"","background-media":"","overlay-type":"","overlay-color":"","overlay-opacity":"","overlay-gradient":""},"tablet":{"background-color":"","background-image":"","background-repeat":"repeat","background-position":"center center","background-size":"auto","background-attachment":"scroll","background-type":"","background-media":"","overlay-type":"","overlay-color":"","overlay-opacity":"","overlay-gradient":""},"mobile":{"background-color":"","background-image":"","background-repeat":"repeat","background-position":"center center","background-size":"auto","background-attachment":"scroll","background-type":"","background-media":"","overlay-type":"","overlay-color":"","overlay-opacity":"","overlay-gradient":""}},"ast-content-background-meta":{"desktop":{"background-color":"var(--ast-global-color-5)","background-image":"","background-repeat":"repeat","background-position":"center center","background-size":"auto","background-attachment":"scroll","background-type":"","background-media":"","overlay-type":"","overlay-color":"","overlay-opacity":"","overlay-gradient":""},"tablet":{"background-color":"var(--ast-global-color-5)","background-image":"","background-repeat":"repeat","background-position":"center center","background-size":"auto","background-attachment":"scroll","background-type":"","background-media":"","overlay-type":"","overlay-color":"","overlay-opacity":"","overlay-gradient":""},"mobile":{"background-color":"var(--ast-global-color-5)","background-image":"","background-repeat":"repeat","background-position":"center center","background-size":"auto","background-attachment":"scroll","background-type":"","background-media":"","overlay-type":"","overlay-color":"","overlay-opacity":"","overlay-gradient":""}},"_joinchat":[]},"product_cat":[65],"product_tag":[],"class_list":{"0":"post-1846","1":"product","2":"type-product","3":"status-publish","4":"has-post-thumbnail","6":"product_cat-restaurantes","7":"desktop-align-center","8":"tablet-align-left","9":"mobile-align-left","11":"first","12":"instock","13":"shipping-taxable","14":"product-type-simple"},"uagb_featured_image_src":{"full":["https:\/\/mueblesparanegociosalfa.com\/wp-content\/uploads\/2023\/09\/BANCO-CROSWOD-BLANCO-2.jpg",564,1097,false],"thumbnail":["https:\/\/mueblesparanegociosalfa.com\/wp-content\/uploads\/2023\/09\/BANCO-CROSWOD-BLANCO-2.jpg",77,150,false],"medium":["https:\/\/mueblesparanegociosalfa.com\/wp-content\/uploads\/2023\/09\/BANCO-CROSWOD-BLANCO-2.jpg",154,300,false],"medium_large":["https:\/\/mueblesparanegociosalfa.com\/wp-content\/uploads\/2023\/09\/BANCO-CROSWOD-BLANCO-2.jpg",564,1097,false],"large":["https:\/\/mueblesparanegociosalfa.com\/wp-content\/uploads\/2023\/09\/BANCO-CROSWOD-BLANCO-2.jpg",526,1024,false],"1536x1536":["https:\/\/mueblesparanegociosalfa.com\/wp-content\/uploads\/2023\/09\/BANCO-CROSWOD-BLANCO-2.jpg",564,1097,false],"2048x2048":["https:\/\/mueblesparanegociosalfa.com\/wp-content\/uploads\/2023\/09\/BANCO-CROSWOD-BLANCO-2.jpg",564,1097,false],"woocommerce_thumbnail":["https:\/\/mueblesparanegociosalfa.com\/wp-content\/uploads\/2023\/09\/BANCO-CROSWOD-BLANCO-2-564x900.jpg",564,900,true],"woocommerce_single":["https:\/\/mueblesparanegociosalfa.com\/wp-content\/uploads\/2023\/09\/BANCO-CROSWOD-BLANCO-2.jpg",564,1097,false],"woocommerce_gallery_thumbnail":["https:\/\/mueblesparanegociosalfa.com\/wp-content\/uploads\/2023\/09\/BANCO-CROSWOD-BLANCO-2-100x100.jpg",100,100,true]},"uagb_author_info":{"display_name":"davichohf44","author_link":"https:\/\/mueblesparanegociosalfa.com\/index.php\/author\/"},"uagb_comment_info":0,"uagb_excerpt":"Asiento org\u00e1nico fabricado en polipropileno en conjunto de su base de cuatro postes de madera unidos por medio de varillas entrecruzadas, la ubicaci\u00f3n en el elemento ideal para sumar a cualquier tipo de espacio una dosis perfecta de comodidad y buen dise\u00f1o. Material: -Asiento: Polipropileno -Base: Postes de madera con tap\u00f3n de pl\u00e1stico flexible y&hellip;","_links":{"self":[{"href":"https:\/\/mueblesparanegociosalfa.com\/index.php\/wp-json\/wp\/v2\/product\/1846","targetHints":{"allow":["GET"]}}],"collection":[{"href":"https:\/\/mueblesparanegociosalfa.com\/index.php\/wp-json\/wp\/v2\/product"}],"about":[{"href":"https:\/\/mueblesparanegociosalfa.com\/index.php\/wp-json\/wp\/v2\/types\/product"}],"version-history":[{"count":2,"href":"https:\/\/mueblesparanegociosalfa.com\/index.php\/wp-json\/wp\/v2\/product\/1846\/revisions"}],"predecessor-version":[{"id":2063,"href":"https:\/\/mueblesparanegociosalfa.com\/index.php\/wp-json\/wp\/v2\/product\/1846\/revisions\/2063"}],"wp:featuredmedia":[{"embeddable":true,"href":"https:\/\/mueblesparanegociosalfa.com\/index.php\/wp-json\/wp\/v2\/media\/1828"}],"wp:attachment":[{"href":"https:\/\/mueblesparanegociosalfa.com\/index.php\/wp-json\/wp\/v2\/media?parent=1846"}],"wp:term":[{"taxonomy":"product_cat","embeddable":true,"href":"https:\/\/mueblesparanegociosalfa.com\/index.php\/wp-json\/wp\/v2\/product_cat?post=1846"},{"taxonomy":"product_tag","embeddable":true,"href":"https:\/\/mueblesparanegociosalfa.com\/index.php\/wp-json\/wp\/v2\/product_tag?post=1846"}],"curies":[{"name":"wp","href":"https:\/\/api.w.org\/{rel}","templated":true}]}}