{"id":2379,"date":"2024-02-06T23:20:48","date_gmt":"2024-02-06T23:20:48","guid":{"rendered":"https:\/\/mueblesparanegociosalfa.com\/?post_type=product&#038;p=2379"},"modified":"2024-02-09T21:36:23","modified_gmt":"2024-02-09T21:36:23","slug":"tiffany-plegable","status":"publish","type":"product","link":"https:\/\/mueblesparanegociosalfa.com\/index.php\/product\/tiffany-plegable\/","title":{"rendered":"Tiffany Plegable"},"content":{"rendered":"<p>Tubular redondo de 3\/4 en calibre 18 asiento ergonomico de pl\u00e1stico y respaldo con dise\u00f1o de pl\u00e1stico color blanco<\/p>\n<p>Pintura: Electrost\u00e1tica horneada blanca<\/p>\n","protected":false},"excerpt":{"rendered":"<p>Tubular redondo de 3\/4 en calibre 18 asiento ergonomico de pl\u00e1stico y respaldo con dise\u00f1o de pl\u00e1stico color blanco Pintura: Electrost\u00e1tica horneada blanca<\/p>\n","protected":false},"featured_media":2391,"template":"","meta":{"_uag_custom_page_level_css":"","site-sidebar-layout":"default","site-content-layout":"default","ast-site-content-layout":"default","site-content-style":"default","site-sidebar-style":"default","ast-global-header-display":"","ast-banner-title-visibility":"","ast-main-header-display":"","ast-hfb-above-header-display":"","ast-hfb-below-header-display":"","ast-hfb-mobile-header-display":"","site-post-title":"","ast-breadcrumbs-content":"","ast-featured-img":"","footer-sml-layout":"","ast-disable-related-posts":"","theme-transparent-header-meta":"default","adv-header-id-meta":"","stick-header-meta":"","header-above-stick-meta":"","header-main-stick-meta":"","header-below-stick-meta":"","astra-migrate-meta-layouts":"default","ast-page-background-enabled":"default","ast-page-background-meta":{"desktop":{"background-color":"var(--ast-global-color-4)","background-image":"","background-repeat":"repeat","background-position":"center center","background-size":"auto","background-attachment":"scroll","background-type":"","background-media":"","overlay-type":"","overlay-color":"","overlay-opacity":"","overlay-gradient":""},"tablet":{"background-color":"","background-image":"","background-repeat":"repeat","background-position":"center center","background-size":"auto","background-attachment":"scroll","background-type":"","background-media":"","overlay-type":"","overlay-color":"","overlay-opacity":"","overlay-gradient":""},"mobile":{"background-color":"","background-image":"","background-repeat":"repeat","background-position":"center center","background-size":"auto","background-attachment":"scroll","background-type":"","background-media":"","overlay-type":"","overlay-color":"","overlay-opacity":"","overlay-gradient":""}},"ast-content-background-meta":{"desktop":{"background-color":"var(--ast-global-color-5)","background-image":"","background-repeat":"repeat","background-position":"center center","background-size":"auto","background-attachment":"scroll","background-type":"","background-media":"","overlay-type":"","overlay-color":"","overlay-opacity":"","overlay-gradient":""},"tablet":{"background-color":"var(--ast-global-color-5)","background-image":"","background-repeat":"repeat","background-position":"center center","background-size":"auto","background-attachment":"scroll","background-type":"","background-media":"","overlay-type":"","overlay-color":"","overlay-opacity":"","overlay-gradient":""},"mobile":{"background-color":"var(--ast-global-color-5)","background-image":"","background-repeat":"repeat","background-position":"center center","background-size":"auto","background-attachment":"scroll","background-type":"","background-media":"","overlay-type":"","overlay-color":"","overlay-opacity":"","overlay-gradient":""}},"_joinchat":[]},"product_cat":[64],"product_tag":[],"class_list":{"0":"post-2379","1":"product","2":"type-product","3":"status-publish","4":"has-post-thumbnail","6":"product_cat-plegables","7":"desktop-align-center","8":"tablet-align-left","9":"mobile-align-left","11":"first","12":"instock","13":"shipping-taxable","14":"product-type-simple"},"uagb_featured_image_src":{"full":["https:\/\/mueblesparanegociosalfa.com\/wp-content\/uploads\/2024\/02\/2.png",2970,2970,false],"thumbnail":["https:\/\/mueblesparanegociosalfa.com\/wp-content\/uploads\/2024\/02\/2-150x150.png",150,150,true],"medium":["https:\/\/mueblesparanegociosalfa.com\/wp-content\/uploads\/2024\/02\/2-300x300.png",300,300,true],"medium_large":["https:\/\/mueblesparanegociosalfa.com\/wp-content\/uploads\/2024\/02\/2-768x768.png",768,768,true],"large":["https:\/\/mueblesparanegociosalfa.com\/wp-content\/uploads\/2024\/02\/2-1024x1024.png",1024,1024,true],"1536x1536":["https:\/\/mueblesparanegociosalfa.com\/wp-content\/uploads\/2024\/02\/2-1536x1536.png",1536,1536,true],"2048x2048":["https:\/\/mueblesparanegociosalfa.com\/wp-content\/uploads\/2024\/02\/2-2048x2048.png",2048,2048,true],"woocommerce_thumbnail":["https:\/\/mueblesparanegociosalfa.com\/wp-content\/uploads\/2024\/02\/2-900x900.png",900,900,true],"woocommerce_single":["https:\/\/mueblesparanegociosalfa.com\/wp-content\/uploads\/2024\/02\/2-800x800.png",800,800,true],"woocommerce_gallery_thumbnail":["https:\/\/mueblesparanegociosalfa.com\/wp-content\/uploads\/2024\/02\/2-100x100.png",100,100,true]},"uagb_author_info":{"display_name":"davichohf44","author_link":"https:\/\/mueblesparanegociosalfa.com\/index.php\/author\/"},"uagb_comment_info":0,"uagb_excerpt":"Tubular redondo de 3\/4 en calibre 18 asiento ergonomico de pl\u00e1stico y respaldo con dise\u00f1o de pl\u00e1stico color blanco Pintura: Electrost\u00e1tica horneada blanca","_links":{"self":[{"href":"https:\/\/mueblesparanegociosalfa.com\/index.php\/wp-json\/wp\/v2\/product\/2379","targetHints":{"allow":["GET"]}}],"collection":[{"href":"https:\/\/mueblesparanegociosalfa.com\/index.php\/wp-json\/wp\/v2\/product"}],"about":[{"href":"https:\/\/mueblesparanegociosalfa.com\/index.php\/wp-json\/wp\/v2\/types\/product"}],"version-history":[{"count":2,"href":"https:\/\/mueblesparanegociosalfa.com\/index.php\/wp-json\/wp\/v2\/product\/2379\/revisions"}],"predecessor-version":[{"id":2381,"href":"https:\/\/mueblesparanegociosalfa.com\/index.php\/wp-json\/wp\/v2\/product\/2379\/revisions\/2381"}],"wp:featuredmedia":[{"embeddable":true,"href":"https:\/\/mueblesparanegociosalfa.com\/index.php\/wp-json\/wp\/v2\/media\/2391"}],"wp:attachment":[{"href":"https:\/\/mueblesparanegociosalfa.com\/index.php\/wp-json\/wp\/v2\/media?parent=2379"}],"wp:term":[{"taxonomy":"product_cat","embeddable":true,"href":"https:\/\/mueblesparanegociosalfa.com\/index.php\/wp-json\/wp\/v2\/product_cat?post=2379"},{"taxonomy":"product_tag","embeddable":true,"href":"https:\/\/mueblesparanegociosalfa.com\/index.php\/wp-json\/wp\/v2\/product_tag?post=2379"}],"curies":[{"name":"wp","href":"https:\/\/api.w.org\/{rel}","templated":true}]}}